{"id":32755,"date":"2021-03-26T14:59:26","date_gmt":"2021-03-26T13:59:26","guid":{"rendered":"https:\/\/www.dvorakuvfestival.cz\/dvorak-festival\/"},"modified":"2025-04-07T21:14:22","modified_gmt":"2025-04-07T19:14:22","slug":"dvorak-festival","status":"publish","type":"page","link":"https:\/\/www.dvorakuvfestival.cz\/en\/dvorak-festival\/","title":{"rendered":"Dvo\u0159\u00e1k Festival"},"content":{"rendered":"\n<p>Our main mission is to make the artistic values of music culture accessible and accessible to the public. By organizing music festivals and cultural events we want to offer this service to the widest possible range of interested people and listeners.<br\/>You are cordially invited..<\/p>\n\n<p>Festival Objectives:<\/p>\n\n<ol class=\"wp-block-list\" type=\"1\"><li>Continuity with the huge Dvo\u0159\u00e1k tradition of the region<\/li><li>Expansion of the festival to other cities<\/li><li>Promoting the culture and tourism of the area<\/li><li>Performing concerts in interesting concert venues<\/li><li>Supporting the young generation of artists and regional natives<\/li><li>Diverse genre dramaturgy (classical, jazz, folk, rock and more)<\/li><li>Increasing the level and quality of promotion of the festival in individual cities<\/li><li>Targeting promotion to individuals and selected target groups (youth, families with children)<\/li><\/ol>\n\n<ul class=\"wp-block-list\" type=\"1\"><li>The festival is based primarily on the great tradition and prestige of one of the most famous Czech personalities in the world &#8211; the composer Anton\u00edn Dvo\u0159\u00e1k. The incredible tradition of the Dvo\u0159\u00e1k Festival, the <strong>oldest music festival with Dvo\u0159\u00e1k&#8217;s&nbsp;music in the world,<\/strong> was a&nbsp;huge challenge to expand it from Turnov and Sychrov to include not only other places where Anton\u00edn Dvo\u0159\u00e1k stayed, but also nearby places where he spent a&nbsp;significant part of his free time or performed.<\/li><\/ul>\n\n<ul class=\"wp-block-list\"><li>The Dvo\u0159\u00e1k Festival is one of the few Czech festivals that <strong>combines culture and tourism<\/strong> with the presentation of the participating towns and their dominant historical monuments or tourist attractions.<\/li><li>To promote tourism, the Dvo\u0159\u00e1k Passport with coupons for discounted admission to a&nbsp;number of interesting tourist attractions in the region was launched again this year.<\/li><\/ul>\n\n<ul class=\"wp-block-list\"><li>Emphasis is placed on <strong>situating concerts in historical places, often national cultural or regional monuments<\/strong>, in an effort to make them more lively and attractive through the festival events.<\/li><\/ul>\n\n<ul class=\"wp-block-list\"><li>The festival aims to support the younger generation of artists, to promote regional authors and artists and to be multi-genre. Young artists have the opportunity to participate in the <strong>Youth Interpretation Workshop<\/strong>, which is already a&nbsp;traditional part of the festival and is led by experienced lecturers from among professional artists.<\/li><\/ul>\n\n<ul class=\"wp-block-list\"><li>This year, the festival&#8217;s&nbsp;<strong>genre diversity<\/strong> was represented to a&nbsp;greater extent, and in addition to classical music concerts, listeners could hear genres such as jazz, spiritual, folk, rock and folk song. Sacred music also found its place at the festival in the organ recital by Ale\u0161 B\u00e1rta in Nov\u00e1 Paka. There was also the traditional literary and musical section, which this year presented e.g. Otakar Brousek or Valeria Zawadska or Sasha Rashilov. The concerts were arranged within a&nbsp;unified dramaturgical concept, in which the promotion of the festival throughout the target region was also conducted.<\/li><\/ul>\n\n<ul class=\"wp-block-list\"><li><strong>Promotion and attendance of the festival: <\/strong>Thanks to the significant support of partners and supporters, the current<strong> level and quality of promotion of the festival in each city <\/strong>has been maintained in order to increase attendance and visibility of the festival.<\/li><\/ul>\n\n<p>In addition to large-scale advertising and radio promotion, efforts were made to target promotion at individuals and selected target groups. During the 22 festival concerts, the capacity of the halls in some towns was up to 100% (M\u011bln\u00edk, Mnichovo Hradi\u0161t\u011b). Unfortunately, the attendance in some cities did not quite match the organiser&#8217;s&nbsp;expectations.  <strong>As a&nbsp;result, we can then state the above-mentioned 70% attendance rate with regard to the capacity of the halls.  <\/strong><strong>The Dvo\u0159\u00e1k Festival concerts were attended by around 2000 people.  <\/strong><strong> <\/strong><\/p>\n\n<ul class=\"wp-block-list\"><li><strong>Selected target groups: young people, families with children, visitors to subscription concerts in individual cities.  <\/strong>Within the framework of various partnership events, it was possible to target promotion more at selected target groups and offer them discounted admissions or other benefits.<\/li><\/ul>\n","protected":false},"excerpt":{"rendered":"<p>Our main mission is to make the artistic values of music culture accessible and accessible to the public. By organizing music festivals and cultural events we want to offer this service to the widest possible&hellip;<\/p>\n","protected":false},"author":2,"featured_media":0,"parent":0,"menu_order":0,"comment_status":"closed","ping_status":"closed","template":"","meta":{"footnotes":""},"class_list":["post-32755","page","type-page","status-publish","hentry"],"yoast_head":"<!-- This site is optimized with the Yoast SEO plugin v27.4 - https:\/\/yoast.com\/product\/yoast-seo-wordpress\/ -->\n<title>Dvo\u0159\u00e1k Festival | Dvo\u0159\u00e1k\u016fv festival<\/title>\n<meta name=\"robots\" content=\"index, follow, max-snippet:-1, max-image-preview:large, max-video-preview:-1\" \/>\n<link rel=\"canonical\" href=\"https:\/\/www.dvorakuvfestival.cz\/en\/dvorak-festival\/\" \/>\n<meta property=\"og:locale\" content=\"en_US\" \/>\n<meta property=\"og:type\" content=\"article\" \/>\n<meta property=\"og:title\" content=\"Dvo\u0159\u00e1k Festival | Dvo\u0159\u00e1k\u016fv festival\" \/>\n<meta property=\"og:description\" content=\"Our main mission is to make the artistic values of music culture accessible and accessible to the public. By organizing music festivals and cultural events we want to offer this service to the widest possible&hellip;\" \/>\n<meta property=\"og:url\" content=\"https:\/\/www.dvorakuvfestival.cz\/en\/dvorak-festival\/\" \/>\n<meta property=\"og:site_name\" content=\"Dvo\u0159\u00e1k\u016fv festival\" \/>\n<meta property=\"article:publisher\" content=\"https:\/\/www.facebook.com\/dvorakuvfestival\" \/>\n<meta property=\"article:modified_time\" content=\"2025-04-07T19:14:22+00:00\" \/>\n<meta property=\"og:image\" content=\"https:\/\/www.dvorakuvfestival.cz\/wp-content\/uploads\/2026\/01\/Dvorakuv-festival_70_2026_bile_gold-2.png\" \/>\n\t<meta property=\"og:image:width\" content=\"1711\" \/>\n\t<meta property=\"og:image:height\" content=\"571\" \/>\n\t<meta property=\"og:image:type\" content=\"image\/png\" \/>\n<meta name=\"twitter:card\" content=\"summary_large_image\" \/>\n<meta name=\"twitter:label1\" content=\"Est. reading time\" \/>\n\t<meta name=\"twitter:data1\" content=\"3 minutes\" \/>\n<script type=\"application\/ld+json\" class=\"yoast-schema-graph\">{\"@context\":\"https:\\\/\\\/schema.org\",\"@graph\":[{\"@type\":\"WebPage\",\"@id\":\"https:\\\/\\\/www.dvorakuvfestival.cz\\\/en\\\/dvorak-festival\\\/\",\"url\":\"https:\\\/\\\/www.dvorakuvfestival.cz\\\/en\\\/dvorak-festival\\\/\",\"name\":\"Dvo\u0159\u00e1k Festival | Dvo\u0159\u00e1k\u016fv festival\",\"isPartOf\":{\"@id\":\"https:\\\/\\\/www.dvorakuvfestival.cz\\\/en\\\/#website\"},\"datePublished\":\"2021-03-26T13:59:26+00:00\",\"dateModified\":\"2025-04-07T19:14:22+00:00\",\"breadcrumb\":{\"@id\":\"https:\\\/\\\/www.dvorakuvfestival.cz\\\/en\\\/dvorak-festival\\\/#breadcrumb\"},\"inLanguage\":\"en-US\",\"potentialAction\":[{\"@type\":\"ReadAction\",\"target\":[\"https:\\\/\\\/www.dvorakuvfestival.cz\\\/en\\\/dvorak-festival\\\/\"]}]},{\"@type\":\"BreadcrumbList\",\"@id\":\"https:\\\/\\\/www.dvorakuvfestival.cz\\\/en\\\/dvorak-festival\\\/#breadcrumb\",\"itemListElement\":[{\"@type\":\"ListItem\",\"position\":1,\"name\":\"Dvo\u0159\u00e1k\u016fv festival\",\"item\":\"https:\\\/\\\/www.dvorakuvfestival.cz\\\/en\\\/\"},{\"@type\":\"ListItem\",\"position\":2,\"name\":\"Dvo\u0159\u00e1k Festival\"}]},{\"@type\":\"WebSite\",\"@id\":\"https:\\\/\\\/www.dvorakuvfestival.cz\\\/en\\\/#website\",\"url\":\"https:\\\/\\\/www.dvorakuvfestival.cz\\\/en\\\/\",\"name\":\"Dvo\u0159\u00e1k\u016fv festival\",\"description\":\"\",\"publisher\":{\"@id\":\"https:\\\/\\\/www.dvorakuvfestival.cz\\\/en\\\/#organization\"},\"potentialAction\":[{\"@type\":\"SearchAction\",\"target\":{\"@type\":\"EntryPoint\",\"urlTemplate\":\"https:\\\/\\\/www.dvorakuvfestival.cz\\\/en\\\/?s={search_term_string}\"},\"query-input\":{\"@type\":\"PropertyValueSpecification\",\"valueRequired\":true,\"valueName\":\"search_term_string\"}}],\"inLanguage\":\"en-US\"},{\"@type\":\"Organization\",\"@id\":\"https:\\\/\\\/www.dvorakuvfestival.cz\\\/en\\\/#organization\",\"name\":\"Dvo\u0159\u00e1k\u016fv festival\",\"url\":\"https:\\\/\\\/www.dvorakuvfestival.cz\\\/en\\\/\",\"logo\":{\"@type\":\"ImageObject\",\"inLanguage\":\"en-US\",\"@id\":\"https:\\\/\\\/www.dvorakuvfestival.cz\\\/en\\\/#\\\/schema\\\/logo\\\/image\\\/\",\"url\":\"https:\\\/\\\/www.dvorakuvfestival.cz\\\/wp-content\\\/uploads\\\/2018\\\/02\\\/Dvorakuv-festival_70_2026_bi\u0301le\u0301.png\",\"contentUrl\":\"https:\\\/\\\/www.dvorakuvfestival.cz\\\/wp-content\\\/uploads\\\/2018\\\/02\\\/Dvorakuv-festival_70_2026_bi\u0301le\u0301.png\",\"width\":1711,\"height\":571,\"caption\":\"Dvo\u0159\u00e1k\u016fv festival\"},\"image\":{\"@id\":\"https:\\\/\\\/www.dvorakuvfestival.cz\\\/en\\\/#\\\/schema\\\/logo\\\/image\\\/\"},\"sameAs\":[\"https:\\\/\\\/www.facebook.com\\\/dvorakuvfestival\",\"https:\\\/\\\/www.instagram.com\\\/dvorakuvfestival\\\/\"]}]}<\/script>\n<!-- \/ Yoast SEO plugin. -->","yoast_head_json":{"title":"Dvo\u0159\u00e1k Festival | Dvo\u0159\u00e1k\u016fv festival","robots":{"index":"index","follow":"follow","max-snippet":"max-snippet:-1","max-image-preview":"max-image-preview:large","max-video-preview":"max-video-preview:-1"},"canonical":"https:\/\/www.dvorakuvfestival.cz\/en\/dvorak-festival\/","og_locale":"en_US","og_type":"article","og_title":"Dvo\u0159\u00e1k Festival | Dvo\u0159\u00e1k\u016fv festival","og_description":"Our main mission is to make the artistic values of music culture accessible and accessible to the public. By organizing music festivals and cultural events we want to offer this service to the widest possible&hellip;","og_url":"https:\/\/www.dvorakuvfestival.cz\/en\/dvorak-festival\/","og_site_name":"Dvo\u0159\u00e1k\u016fv festival","article_publisher":"https:\/\/www.facebook.com\/dvorakuvfestival","article_modified_time":"2025-04-07T19:14:22+00:00","og_image":[{"width":1711,"height":571,"url":"https:\/\/www.dvorakuvfestival.cz\/wp-content\/uploads\/2026\/01\/Dvorakuv-festival_70_2026_bile_gold-2.png","type":"image\/png"}],"twitter_card":"summary_large_image","twitter_misc":{"Est. reading time":"3 minutes"},"schema":{"@context":"https:\/\/schema.org","@graph":[{"@type":"WebPage","@id":"https:\/\/www.dvorakuvfestival.cz\/en\/dvorak-festival\/","url":"https:\/\/www.dvorakuvfestival.cz\/en\/dvorak-festival\/","name":"Dvo\u0159\u00e1k Festival | Dvo\u0159\u00e1k\u016fv festival","isPartOf":{"@id":"https:\/\/www.dvorakuvfestival.cz\/en\/#website"},"datePublished":"2021-03-26T13:59:26+00:00","dateModified":"2025-04-07T19:14:22+00:00","breadcrumb":{"@id":"https:\/\/www.dvorakuvfestival.cz\/en\/dvorak-festival\/#breadcrumb"},"inLanguage":"en-US","potentialAction":[{"@type":"ReadAction","target":["https:\/\/www.dvorakuvfestival.cz\/en\/dvorak-festival\/"]}]},{"@type":"BreadcrumbList","@id":"https:\/\/www.dvorakuvfestival.cz\/en\/dvorak-festival\/#breadcrumb","itemListElement":[{"@type":"ListItem","position":1,"name":"Dvo\u0159\u00e1k\u016fv festival","item":"https:\/\/www.dvorakuvfestival.cz\/en\/"},{"@type":"ListItem","position":2,"name":"Dvo\u0159\u00e1k Festival"}]},{"@type":"WebSite","@id":"https:\/\/www.dvorakuvfestival.cz\/en\/#website","url":"https:\/\/www.dvorakuvfestival.cz\/en\/","name":"Dvo\u0159\u00e1k\u016fv festival","description":"","publisher":{"@id":"https:\/\/www.dvorakuvfestival.cz\/en\/#organization"},"potentialAction":[{"@type":"SearchAction","target":{"@type":"EntryPoint","urlTemplate":"https:\/\/www.dvorakuvfestival.cz\/en\/?s={search_term_string}"},"query-input":{"@type":"PropertyValueSpecification","valueRequired":true,"valueName":"search_term_string"}}],"inLanguage":"en-US"},{"@type":"Organization","@id":"https:\/\/www.dvorakuvfestival.cz\/en\/#organization","name":"Dvo\u0159\u00e1k\u016fv festival","url":"https:\/\/www.dvorakuvfestival.cz\/en\/","logo":{"@type":"ImageObject","inLanguage":"en-US","@id":"https:\/\/www.dvorakuvfestival.cz\/en\/#\/schema\/logo\/image\/","url":"https:\/\/www.dvorakuvfestival.cz\/wp-content\/uploads\/2018\/02\/Dvorakuv-festival_70_2026_bi\u0301le\u0301.png","contentUrl":"https:\/\/www.dvorakuvfestival.cz\/wp-content\/uploads\/2018\/02\/Dvorakuv-festival_70_2026_bi\u0301le\u0301.png","width":1711,"height":571,"caption":"Dvo\u0159\u00e1k\u016fv festival"},"image":{"@id":"https:\/\/www.dvorakuvfestival.cz\/en\/#\/schema\/logo\/image\/"},"sameAs":["https:\/\/www.facebook.com\/dvorakuvfestival","https:\/\/www.instagram.com\/dvorakuvfestival\/"]}]}},"_links":{"self":[{"href":"https:\/\/www.dvorakuvfestival.cz\/en\/wp-json\/wp\/v2\/pages\/32755","targetHints":{"allow":["GET"]}}],"collection":[{"href":"https:\/\/www.dvorakuvfestival.cz\/en\/wp-json\/wp\/v2\/pages"}],"about":[{"href":"https:\/\/www.dvorakuvfestival.cz\/en\/wp-json\/wp\/v2\/types\/page"}],"author":[{"embeddable":true,"href":"https:\/\/www.dvorakuvfestival.cz\/en\/wp-json\/wp\/v2\/users\/2"}],"replies":[{"embeddable":true,"href":"https:\/\/www.dvorakuvfestival.cz\/en\/wp-json\/wp\/v2\/comments?post=32755"}],"version-history":[{"count":1,"href":"https:\/\/www.dvorakuvfestival.cz\/en\/wp-json\/wp\/v2\/pages\/32755\/revisions"}],"predecessor-version":[{"id":32757,"href":"https:\/\/www.dvorakuvfestival.cz\/en\/wp-json\/wp\/v2\/pages\/32755\/revisions\/32757"}],"wp:attachment":[{"href":"https:\/\/www.dvorakuvfestival.cz\/en\/wp-json\/wp\/v2\/media?parent=32755"}],"curies":[{"name":"wp","href":"https:\/\/api.w.org\/{rel}","templated":true}]}}