{"id":32727,"date":"2021-03-13T10:51:38","date_gmt":"2021-03-13T09:51:38","guid":{"rendered":"https:\/\/www.dvorakuvfestival.cz\/pdf\/"},"modified":"2025-04-07T21:14:13","modified_gmt":"2025-04-07T19:14:13","slug":"pdf","status":"publish","type":"page","link":"https:\/\/www.dvorakuvfestival.cz\/en\/pdf\/","title":{"rendered":"PDF"},"content":{"rendered":"\t\t<div data-elementor-type=\"wp-page\" data-elementor-id=\"32727\" class=\"elementor elementor-32727 elementor-2637\" data-elementor-post-type=\"page\">\n\t\t\t\t\t\t<section class=\"elementor-section elementor-top-section elementor-element elementor-element-80dadf4 elementor-section-boxed elementor-section-height-default elementor-section-height-default\" data-id=\"80dadf4\" data-element_type=\"section\" data-e-type=\"section\">\n\t\t\t\t\t\t<div class=\"elementor-container elementor-column-gap-extended\">\n\t\t\t\t\t<div class=\"elementor-column elementor-col-100 elementor-top-column elementor-element elementor-element-a690db0 sc_layouts_column_icons_position_left\" data-id=\"a690db0\" data-element_type=\"column\" data-e-type=\"column\">\n\t\t\t<div class=\"elementor-widget-wrap elementor-element-populated\">\n\t\t\t\t\t\t<div class=\"elementor-element elementor-element-5cbea6f elementor-widget elementor-widget-pdf_viewer\" data-id=\"5cbea6f\" data-element_type=\"widget\" data-e-type=\"widget\" data-widget_type=\"pdf_viewer.default\">\n\t\t\t\t<div class=\"elementor-widget-container\">\n\t\t\t\t\t<iframe src=\"https:\/\/docs.google.com\/viewer?url=http:\/\/www.pdf995.com\/samples\/pdf.pdf&amp;embedded=true\" style=\"display: block; margin-left: auto; margin-right: auto; width: 640px; height: 1020px;\" frameborder=\"1\" marginheight=\"0px\" marginwidth=\"0px\" allowfullscreen><\/iframe>\t\t\t\t<\/div>\n\t\t\t\t<\/div>\n\t\t\t\t\t<\/div>\n\t\t<\/div>\n\t\t\t\t\t<\/div>\n\t\t<\/section>\n\t\t\t\t<section class=\"elementor-section elementor-top-section elementor-element elementor-element-19ce23c elementor-section-boxed elementor-section-height-default elementor-section-height-default\" data-id=\"19ce23c\" data-element_type=\"section\" data-e-type=\"section\">\n\t\t\t\t\t\t<div class=\"elementor-container elementor-column-gap-extended\">\n\t\t\t\t\t<div class=\"elementor-column elementor-col-100 elementor-top-column elementor-element elementor-element-7d9a927 sc_layouts_column_icons_position_left\" data-id=\"7d9a927\" data-element_type=\"column\" data-e-type=\"column\">\n\t\t\t<div class=\"elementor-widget-wrap elementor-element-populated\">\n\t\t\t\t\t\t<div class=\"elementor-element elementor-element-845ce7c elementor-widget elementor-widget-pdfjs_viewer\" data-id=\"845ce7c\" data-element_type=\"widget\" data-e-type=\"widget\" data-widget_type=\"pdfjs_viewer.default\">\n\t\t\t\t<div class=\"elementor-widget-container\">\n\t\t\t\t\t<iframe src=\"https:\/\/www.dvorakuvfestival.cz\/wp-content\/plugins\/pdf-viewer-for-elementor\/assets\/pdfjs\/web\/viewer.html?file=https:\/\/www.dvorakuvfestival.cz\/wp-content\/uploads\/2021\/03\/1.pdf&amp;embedded=true\" style=\"display: block; margin-left: auto; margin-right: auto; width: 640px; height: 1020px;\" frameborder=\"1\" marginheight=\"0px\" marginwidth=\"0px\" allowfullscreen><\/iframe>\t\t\t\t<\/div>\n\t\t\t\t<\/div>\n\t\t\t\t\t<\/div>\n\t\t<\/div>\n\t\t\t\t\t<\/div>\n\t\t<\/section>\n\t\t\t\t<section class=\"elementor-section elementor-top-section elementor-element elementor-element-4778013 elementor-section-boxed elementor-section-height-default elementor-section-height-default\" data-id=\"4778013\" data-element_type=\"section\" data-e-type=\"section\">\n\t\t\t\t\t\t<div class=\"elementor-container elementor-column-gap-extended\">\n\t\t\t\t\t<div class=\"elementor-column elementor-col-100 elementor-top-column elementor-element elementor-element-eb47a57 sc_layouts_column_icons_position_left\" data-id=\"eb47a57\" data-element_type=\"column\" data-e-type=\"column\">\n\t\t\t<div class=\"elementor-widget-wrap elementor-element-populated\">\n\t\t\t\t\t\t<div class=\"elementor-element elementor-element-2790851 elementor-widget elementor-widget-shortcode\" data-id=\"2790851\" data-element_type=\"widget\" data-e-type=\"widget\" data-widget_type=\"shortcode.default\">\n\t\t\t\t<div class=\"elementor-widget-container\">\n\t\t\t\t\t\t\t<div class=\"elementor-shortcode\">[dflip id=\"2641\"][\/dflip]<\/div>\n\t\t\t\t\t\t<\/div>\n\t\t\t\t<\/div>\n\t\t\t\t\t<\/div>\n\t\t<\/div>\n\t\t\t\t\t<\/div>\n\t\t<\/section>\n\t\t\t\t<section class=\"elementor-section elementor-top-section elementor-element elementor-element-9431aef elementor-section-boxed elementor-section-height-default elementor-section-height-default\" data-id=\"9431aef\" data-element_type=\"section\" data-e-type=\"section\">\n\t\t\t\t\t\t<div class=\"elementor-container elementor-column-gap-extended\">\n\t\t\t\t\t<div class=\"elementor-column elementor-col-100 elementor-top-column elementor-element elementor-element-05a00a9 sc_layouts_column_icons_position_left\" data-id=\"05a00a9\" data-element_type=\"column\" data-e-type=\"column\">\n\t\t\t<div class=\"elementor-widget-wrap elementor-element-populated\">\n\t\t\t\t\t\t<div class=\"elementor-element elementor-element-4899b7b elementor-widget elementor-widget-shortcode\" data-id=\"4899b7b\" data-element_type=\"widget\" data-e-type=\"widget\" data-widget_type=\"shortcode.default\">\n\t\t\t\t<div class=\"elementor-widget-container\">\n\t\t\t\t\t\t\t<div class=\"elementor-shortcode\">[book_a_place scheme=\"5\"]<\/div>\n\t\t\t\t\t\t<\/div>\n\t\t\t\t<\/div>\n\t\t\t\t\t<\/div>\n\t\t<\/div>\n\t\t\t\t\t<\/div>\n\t\t<\/section>\n\t\t\t\t<section class=\"elementor-section elementor-top-section elementor-element elementor-element-b155ef7 elementor-section-boxed elementor-section-height-default elementor-section-height-default\" data-id=\"b155ef7\" data-element_type=\"section\" data-e-type=\"section\">\n\t\t\t\t\t\t<div class=\"elementor-container elementor-column-gap-extended\">\n\t\t\t\t\t<div class=\"elementor-column elementor-col-100 elementor-top-column elementor-element elementor-element-b796242 sc_layouts_column_icons_position_left\" data-id=\"b796242\" data-element_type=\"column\" data-e-type=\"column\">\n\t\t\t<div class=\"elementor-widget-wrap elementor-element-populated\">\n\t\t\t\t\t\t<div class=\"elementor-element elementor-element-2f964c5 elementor-widget elementor-widget-shortcode\" data-id=\"2f964c5\" data-element_type=\"widget\" data-e-type=\"widget\" data-widget_type=\"shortcode.default\">\n\t\t\t\t<div class=\"elementor-widget-container\">\n\t\t\t\t\t\t\t<div class=\"elementor-shortcode\">[book_a_place_event id=\"1\"]<\/div>\n\t\t\t\t\t\t<\/div>\n\t\t\t\t<\/div>\n\t\t\t\t\t<\/div>\n\t\t<\/div>\n\t\t\t\t\t<\/div>\n\t\t<\/section>\n\t\t\t\t<\/div>\n\t\t","protected":false},"excerpt":{"rendered":"<p>[dflip id=&#8221;2641&#8243;][\/dflip][book_a_place scheme=&#8221;5&#8243;][book_a_place_event id=&#8221;1&#8243;]<\/p>\n","protected":false},"author":1,"featured_media":0,"parent":0,"menu_order":0,"comment_status":"closed","ping_status":"closed","template":"","meta":{"footnotes":""},"class_list":["post-32727","page","type-page","status-publish","hentry"],"yoast_head":"<!-- This site is optimized with the Yoast SEO plugin v27.4 - https:\/\/yoast.com\/product\/yoast-seo-wordpress\/ -->\n<title>PDF | Dvo\u0159\u00e1k\u016fv festival<\/title>\n<meta name=\"robots\" content=\"index, follow, max-snippet:-1, max-image-preview:large, max-video-preview:-1\" \/>\n<link rel=\"canonical\" href=\"https:\/\/www.dvorakuvfestival.cz\/en\/pdf\/\" \/>\n<meta property=\"og:locale\" content=\"en_US\" \/>\n<meta property=\"og:type\" content=\"article\" \/>\n<meta property=\"og:title\" content=\"PDF | Dvo\u0159\u00e1k\u016fv festival\" \/>\n<meta property=\"og:description\" content=\"[dflip id=&#8221;2641&#8243;][\/dflip][book_a_place scheme=&#8221;5&#8243;][book_a_place_event id=&#8221;1&#8243;]\" \/>\n<meta property=\"og:url\" content=\"https:\/\/www.dvorakuvfestival.cz\/en\/pdf\/\" \/>\n<meta property=\"og:site_name\" content=\"Dvo\u0159\u00e1k\u016fv festival\" \/>\n<meta property=\"article:publisher\" content=\"https:\/\/www.facebook.com\/dvorakuvfestival\" \/>\n<meta property=\"article:modified_time\" content=\"2025-04-07T19:14:13+00:00\" \/>\n<meta property=\"og:image\" content=\"https:\/\/www.dvorakuvfestival.cz\/wp-content\/uploads\/2026\/01\/Dvorakuv-festival_70_2026_bile_gold-2.png\" \/>\n\t<meta property=\"og:image:width\" content=\"1711\" \/>\n\t<meta property=\"og:image:height\" content=\"571\" \/>\n\t<meta property=\"og:image:type\" content=\"image\/png\" \/>\n<meta name=\"twitter:card\" content=\"summary_large_image\" \/>\n<script type=\"application\/ld+json\" class=\"yoast-schema-graph\">{\"@context\":\"https:\\\/\\\/schema.org\",\"@graph\":[{\"@type\":\"WebPage\",\"@id\":\"https:\\\/\\\/www.dvorakuvfestival.cz\\\/en\\\/pdf\\\/\",\"url\":\"https:\\\/\\\/www.dvorakuvfestival.cz\\\/en\\\/pdf\\\/\",\"name\":\"PDF | Dvo\u0159\u00e1k\u016fv festival\",\"isPartOf\":{\"@id\":\"https:\\\/\\\/www.dvorakuvfestival.cz\\\/en\\\/#website\"},\"datePublished\":\"2021-03-13T09:51:38+00:00\",\"dateModified\":\"2025-04-07T19:14:13+00:00\",\"breadcrumb\":{\"@id\":\"https:\\\/\\\/www.dvorakuvfestival.cz\\\/en\\\/pdf\\\/#breadcrumb\"},\"inLanguage\":\"en-US\",\"potentialAction\":[{\"@type\":\"ReadAction\",\"target\":[\"https:\\\/\\\/www.dvorakuvfestival.cz\\\/en\\\/pdf\\\/\"]}]},{\"@type\":\"BreadcrumbList\",\"@id\":\"https:\\\/\\\/www.dvorakuvfestival.cz\\\/en\\\/pdf\\\/#breadcrumb\",\"itemListElement\":[{\"@type\":\"ListItem\",\"position\":1,\"name\":\"Dvo\u0159\u00e1k\u016fv festival\",\"item\":\"https:\\\/\\\/www.dvorakuvfestival.cz\\\/en\\\/\"},{\"@type\":\"ListItem\",\"position\":2,\"name\":\"PDF\"}]},{\"@type\":\"WebSite\",\"@id\":\"https:\\\/\\\/www.dvorakuvfestival.cz\\\/en\\\/#website\",\"url\":\"https:\\\/\\\/www.dvorakuvfestival.cz\\\/en\\\/\",\"name\":\"Dvo\u0159\u00e1k\u016fv festival\",\"description\":\"\",\"publisher\":{\"@id\":\"https:\\\/\\\/www.dvorakuvfestival.cz\\\/en\\\/#organization\"},\"potentialAction\":[{\"@type\":\"SearchAction\",\"target\":{\"@type\":\"EntryPoint\",\"urlTemplate\":\"https:\\\/\\\/www.dvorakuvfestival.cz\\\/en\\\/?s={search_term_string}\"},\"query-input\":{\"@type\":\"PropertyValueSpecification\",\"valueRequired\":true,\"valueName\":\"search_term_string\"}}],\"inLanguage\":\"en-US\"},{\"@type\":\"Organization\",\"@id\":\"https:\\\/\\\/www.dvorakuvfestival.cz\\\/en\\\/#organization\",\"name\":\"Dvo\u0159\u00e1k\u016fv festival\",\"url\":\"https:\\\/\\\/www.dvorakuvfestival.cz\\\/en\\\/\",\"logo\":{\"@type\":\"ImageObject\",\"inLanguage\":\"en-US\",\"@id\":\"https:\\\/\\\/www.dvorakuvfestival.cz\\\/en\\\/#\\\/schema\\\/logo\\\/image\\\/\",\"url\":\"https:\\\/\\\/www.dvorakuvfestival.cz\\\/wp-content\\\/uploads\\\/2018\\\/02\\\/Dvorakuv-festival_70_2026_bi\u0301le\u0301.png\",\"contentUrl\":\"https:\\\/\\\/www.dvorakuvfestival.cz\\\/wp-content\\\/uploads\\\/2018\\\/02\\\/Dvorakuv-festival_70_2026_bi\u0301le\u0301.png\",\"width\":1711,\"height\":571,\"caption\":\"Dvo\u0159\u00e1k\u016fv festival\"},\"image\":{\"@id\":\"https:\\\/\\\/www.dvorakuvfestival.cz\\\/en\\\/#\\\/schema\\\/logo\\\/image\\\/\"},\"sameAs\":[\"https:\\\/\\\/www.facebook.com\\\/dvorakuvfestival\",\"https:\\\/\\\/www.instagram.com\\\/dvorakuvfestival\\\/\"]}]}<\/script>\n<!-- \/ Yoast SEO plugin. -->","yoast_head_json":{"title":"PDF | Dvo\u0159\u00e1k\u016fv festival","robots":{"index":"index","follow":"follow","max-snippet":"max-snippet:-1","max-image-preview":"max-image-preview:large","max-video-preview":"max-video-preview:-1"},"canonical":"https:\/\/www.dvorakuvfestival.cz\/en\/pdf\/","og_locale":"en_US","og_type":"article","og_title":"PDF | Dvo\u0159\u00e1k\u016fv festival","og_description":"[dflip id=&#8221;2641&#8243;][\/dflip][book_a_place scheme=&#8221;5&#8243;][book_a_place_event id=&#8221;1&#8243;]","og_url":"https:\/\/www.dvorakuvfestival.cz\/en\/pdf\/","og_site_name":"Dvo\u0159\u00e1k\u016fv festival","article_publisher":"https:\/\/www.facebook.com\/dvorakuvfestival","article_modified_time":"2025-04-07T19:14:13+00:00","og_image":[{"width":1711,"height":571,"url":"https:\/\/www.dvorakuvfestival.cz\/wp-content\/uploads\/2026\/01\/Dvorakuv-festival_70_2026_bile_gold-2.png","type":"image\/png"}],"twitter_card":"summary_large_image","schema":{"@context":"https:\/\/schema.org","@graph":[{"@type":"WebPage","@id":"https:\/\/www.dvorakuvfestival.cz\/en\/pdf\/","url":"https:\/\/www.dvorakuvfestival.cz\/en\/pdf\/","name":"PDF | Dvo\u0159\u00e1k\u016fv festival","isPartOf":{"@id":"https:\/\/www.dvorakuvfestival.cz\/en\/#website"},"datePublished":"2021-03-13T09:51:38+00:00","dateModified":"2025-04-07T19:14:13+00:00","breadcrumb":{"@id":"https:\/\/www.dvorakuvfestival.cz\/en\/pdf\/#breadcrumb"},"inLanguage":"en-US","potentialAction":[{"@type":"ReadAction","target":["https:\/\/www.dvorakuvfestival.cz\/en\/pdf\/"]}]},{"@type":"BreadcrumbList","@id":"https:\/\/www.dvorakuvfestival.cz\/en\/pdf\/#breadcrumb","itemListElement":[{"@type":"ListItem","position":1,"name":"Dvo\u0159\u00e1k\u016fv festival","item":"https:\/\/www.dvorakuvfestival.cz\/en\/"},{"@type":"ListItem","position":2,"name":"PDF"}]},{"@type":"WebSite","@id":"https:\/\/www.dvorakuvfestival.cz\/en\/#website","url":"https:\/\/www.dvorakuvfestival.cz\/en\/","name":"Dvo\u0159\u00e1k\u016fv festival","description":"","publisher":{"@id":"https:\/\/www.dvorakuvfestival.cz\/en\/#organization"},"potentialAction":[{"@type":"SearchAction","target":{"@type":"EntryPoint","urlTemplate":"https:\/\/www.dvorakuvfestival.cz\/en\/?s={search_term_string}"},"query-input":{"@type":"PropertyValueSpecification","valueRequired":true,"valueName":"search_term_string"}}],"inLanguage":"en-US"},{"@type":"Organization","@id":"https:\/\/www.dvorakuvfestival.cz\/en\/#organization","name":"Dvo\u0159\u00e1k\u016fv festival","url":"https:\/\/www.dvorakuvfestival.cz\/en\/","logo":{"@type":"ImageObject","inLanguage":"en-US","@id":"https:\/\/www.dvorakuvfestival.cz\/en\/#\/schema\/logo\/image\/","url":"https:\/\/www.dvorakuvfestival.cz\/wp-content\/uploads\/2018\/02\/Dvorakuv-festival_70_2026_bi\u0301le\u0301.png","contentUrl":"https:\/\/www.dvorakuvfestival.cz\/wp-content\/uploads\/2018\/02\/Dvorakuv-festival_70_2026_bi\u0301le\u0301.png","width":1711,"height":571,"caption":"Dvo\u0159\u00e1k\u016fv festival"},"image":{"@id":"https:\/\/www.dvorakuvfestival.cz\/en\/#\/schema\/logo\/image\/"},"sameAs":["https:\/\/www.facebook.com\/dvorakuvfestival","https:\/\/www.instagram.com\/dvorakuvfestival\/"]}]}},"_links":{"self":[{"href":"https:\/\/www.dvorakuvfestival.cz\/en\/wp-json\/wp\/v2\/pages\/32727","targetHints":{"allow":["GET"]}}],"collection":[{"href":"https:\/\/www.dvorakuvfestival.cz\/en\/wp-json\/wp\/v2\/pages"}],"about":[{"href":"https:\/\/www.dvorakuvfestival.cz\/en\/wp-json\/wp\/v2\/types\/page"}],"author":[{"embeddable":true,"href":"https:\/\/www.dvorakuvfestival.cz\/en\/wp-json\/wp\/v2\/users\/1"}],"replies":[{"embeddable":true,"href":"https:\/\/www.dvorakuvfestival.cz\/en\/wp-json\/wp\/v2\/comments?post=32727"}],"version-history":[{"count":1,"href":"https:\/\/www.dvorakuvfestival.cz\/en\/wp-json\/wp\/v2\/pages\/32727\/revisions"}],"predecessor-version":[{"id":32732,"href":"https:\/\/www.dvorakuvfestival.cz\/en\/wp-json\/wp\/v2\/pages\/32727\/revisions\/32732"}],"wp:attachment":[{"href":"https:\/\/www.dvorakuvfestival.cz\/en\/wp-json\/wp\/v2\/media?parent=32727"}],"curies":[{"name":"wp","href":"https:\/\/api.w.org\/{rel}","templated":true}]}}