{"id":32708,"date":"2021-02-28T23:07:42","date_gmt":"2021-02-28T22:07:42","guid":{"rendered":"https:\/\/www.dvorakuvfestival.cz\/dvoraks-passport\/"},"modified":"2025-04-06T09:48:12","modified_gmt":"2025-04-06T07:48:12","slug":"dvoraks-passport","status":"publish","type":"page","link":"https:\/\/www.dvorakuvfestival.cz\/en\/dvoraks-passport\/","title":{"rendered":"Dvo\u0159\u00e1k&#8217;s&nbsp;passport"},"content":{"rendered":"\t\t<div data-elementor-type=\"wp-page\" data-elementor-id=\"32708\" class=\"elementor elementor-32708 elementor-2341\" data-elementor-post-type=\"page\">\n\t\t\t\t\t\t<section class=\"elementor-section elementor-top-section elementor-element elementor-element-5a0d9f2 elementor-section-boxed elementor-section-height-default elementor-section-height-default\" data-id=\"5a0d9f2\" data-element_type=\"section\" data-e-type=\"section\">\n\t\t\t\t\t\t<div class=\"elementor-container elementor-column-gap-extended\">\n\t\t\t\t\t<div class=\"elementor-column elementor-col-100 elementor-top-column elementor-element elementor-element-8798400 sc_layouts_column_icons_position_left\" data-id=\"8798400\" data-element_type=\"column\" data-e-type=\"column\">\n\t\t\t<div class=\"elementor-widget-wrap elementor-element-populated\">\n\t\t\t\t\t\t<div class=\"elementor-element elementor-element-46f9c10 elementor-hidden-tablet elementor-hidden-mobile elementor-invisible elementor-widget elementor-widget-heading\" data-id=\"46f9c10\" data-element_type=\"widget\" data-e-type=\"widget\" data-settings=\"{&quot;_animation&quot;:&quot;fadeIn&quot;}\" data-widget_type=\"heading.default\">\n\t\t\t\t<div class=\"elementor-widget-container\">\n\t\t\t\t\t<h5 class=\"elementor-heading-title elementor-size-default\">Discover the sights with the \"Dvo\u0159\u00e1k Passport\"<\/h5>\t\t\t\t<\/div>\n\t\t\t\t<\/div>\n\t\t\t\t<div class=\"elementor-element elementor-element-6152c42 elementor-hidden-desktop elementor-invisible elementor-widget elementor-widget-heading\" data-id=\"6152c42\" data-element_type=\"widget\" data-e-type=\"widget\" data-settings=\"{&quot;_animation&quot;:&quot;fadeIn&quot;}\" data-widget_type=\"heading.default\">\n\t\t\t\t<div class=\"elementor-widget-container\">\n\t\t\t\t\t<h5 class=\"elementor-heading-title elementor-size-default\">Dvo\u0159\u00e1k's passport<\/h5>\t\t\t\t<\/div>\n\t\t\t\t<\/div>\n\t\t\t\t<div class=\"elementor-element elementor-element-2d48fcd sc_height_small elementor-widget elementor-widget-spacer\" data-id=\"2d48fcd\" data-element_type=\"widget\" data-e-type=\"widget\" data-widget_type=\"spacer.default\">\n\t\t\t\t<div class=\"elementor-widget-container\">\n\t\t\t\t\t\t\t<div class=\"elementor-spacer\">\n\t\t\t<div class=\"elementor-spacer-inner\"><\/div>\n\t\t<\/div>\n\t\t\t\t\t\t<\/div>\n\t\t\t\t<\/div>\n\t\t\t\t\t<\/div>\n\t\t<\/div>\n\t\t\t\t\t<\/div>\n\t\t<\/section>\n\t\t\t\t<section class=\"elementor-section elementor-top-section elementor-element elementor-element-c8e7b54 elementor-section-boxed elementor-section-height-default elementor-section-height-default\" data-id=\"c8e7b54\" data-element_type=\"section\" data-e-type=\"section\">\n\t\t\t\t\t\t<div class=\"elementor-container elementor-column-gap-extended\">\n\t\t\t\t\t<div class=\"elementor-column elementor-col-100 elementor-top-column elementor-element elementor-element-62bfe74 sc_layouts_column_icons_position_left\" data-id=\"62bfe74\" data-element_type=\"column\" data-e-type=\"column\">\n\t\t\t<div class=\"elementor-widget-wrap elementor-element-populated\">\n\t\t\t\t\t\t<div class=\"elementor-element elementor-element-97f8e85 elementor-widget-mobile__width-initial elementor-invisible elementor-widget elementor-widget-text-editor\" data-id=\"97f8e85\" data-element_type=\"widget\" data-e-type=\"widget\" data-settings=\"{&quot;_animation&quot;:&quot;fadeIn&quot;}\" data-widget_type=\"text-editor.default\">\n\t\t\t\t<div class=\"elementor-widget-container\">\n\t\t\t\t\t\t\t\t\t<p><span style=\"color: #ffffff;\">An accompanying element of our festival is the <strong>Dvo\u0159\u00e1k Passport<\/strong>, which can be found <b>directly in the catalogue<\/b>. <\/span><span style=\"font-size: 16px; background-color: transparent; text-wrap-mode: initial;\">Here you will find discounted admissions to a&nbsp;number of interesting tourist places or attractions in the region (museums, galleries, theatres, castles, tourist attractions) valid until the end of September. <\/span><span style=\"font-size: 16px; text-align: left; background-color: transparent; text-wrap-mode: initial;\">You can enjoy the discounted offer in the following cities: <\/span><b style=\"font-family: inherit; font-style: inherit; text-align: left; background-color: transparent; text-wrap-mode: initial;\">Prague, <\/b><strong style=\"font-size: 16px; text-align: left; background-color: transparent; text-wrap-mode: initial;\">Roudnice nad Labem, Podla\u017eice, Police nad Metuj\u00ed, \u017delezn\u00fd Brod, Prague &#8211; Kyje <\/strong><span style=\"font-size: 16px; text-align: left; background-color: transparent; text-wrap-mode: initial;\">and others.<\/span><\/p>\t\t\t\t\t\t\t\t<\/div>\n\t\t\t\t<\/div>\n\t\t\t\t\t<\/div>\n\t\t<\/div>\n\t\t\t\t\t<\/div>\n\t\t<\/section>\n\t\t\t\t<section class=\"elementor-section elementor-top-section elementor-element elementor-element-3496d2a elementor-section-boxed elementor-section-height-default elementor-section-height-default\" data-id=\"3496d2a\" data-element_type=\"section\" data-e-type=\"section\" id=\"kpas\">\n\t\t\t\t\t\t<div class=\"elementor-container elementor-column-gap-extended\">\n\t\t\t\t\t<div class=\"elementor-column elementor-col-33 elementor-top-column elementor-element elementor-element-ba82838 sc_layouts_column_icons_position_left\" data-id=\"ba82838\" data-element_type=\"column\" data-e-type=\"column\">\n\t\t\t<div class=\"elementor-widget-wrap elementor-element-populated\">\n\t\t\t\t\t\t<div class=\"elementor-element elementor-element-05feae7 elementor-widget elementor-widget-text-editor\" data-id=\"05feae7\" data-element_type=\"widget\" data-e-type=\"widget\" data-widget_type=\"text-editor.default\">\n\t\t\t\t<div class=\"elementor-widget-container\">\n\t\t\t\t\t\t\t\t\t<ul><li><a href=\"https:\/\/www.dvorakuvfestival.cz\/tag\/praha\/\">Prague<\/a><\/li><li><a href=\"https:\/\/www.dvorakuvfestival.cz\/en\/tag\/hradec-kralove-region\/\">Hradec Kralove Region<\/a><\/li><li><a href=\"https:\/\/www.dvorakuvfestival.cz\/tag\/ustecky-kraj\/\">\u00dast\u00ed nad Labem Region<\/a><\/li><li><a href=\"https:\/\/www.dvorakuvfestival.cz\/tag\/liberecky-kraj\/\">Liberec Region  <\/a><\/li><li><a href=\"https:\/\/www.dvorakuvfestival.cz\/tag\/pardubicky-kraj\/\">Pardubice Region<\/a><\/li><li><a href=\"https:\/\/www.dvorakuvfestival.cz\/tag\/stredocesky-kraj\/\">Central Bohemia Region<\/a><\/li><li><a href=\"https:\/\/www.dvorakuvfestival.cz\/tag\/vysocina\/\">Highlands<\/a><\/li><\/ul>\t\t\t\t\t\t\t\t<\/div>\n\t\t\t\t<\/div>\n\t\t\t\t\t<\/div>\n\t\t<\/div>\n\t\t\t\t<div class=\"elementor-column elementor-col-66 elementor-top-column elementor-element elementor-element-64cbb40 sc_layouts_column_icons_position_left\" data-id=\"64cbb40\" data-element_type=\"column\" data-e-type=\"column\">\n\t\t\t<div class=\"elementor-widget-wrap elementor-element-populated\">\n\t\t\t\t\t\t<div class=\"elementor-element elementor-element-a9398cf elementor-invisible elementor-widget elementor-widget-image\" data-id=\"a9398cf\" data-element_type=\"widget\" data-e-type=\"widget\" data-settings=\"{&quot;_animation&quot;:&quot;fadeIn&quot;}\" data-widget_type=\"image.default\">\n\t\t\t\t<div class=\"elementor-widget-container\">\n\t\t\t\t\t\t\t\t\t\t\t\t\t\t\t<img fetchpriority=\"high\" decoding=\"async\" width=\"2000\" height=\"1414\" src=\"https:\/\/www.dvorakuvfestival.cz\/wp-content\/uploads\/2025\/03\/Praha-1.png\" class=\"attachment-full size-full wp-image-32711\" alt=\"\" srcset=\"https:\/\/www.dvorakuvfestival.cz\/wp-content\/uploads\/2025\/03\/Praha-1.png 2000w, https:\/\/www.dvorakuvfestival.cz\/wp-content\/uploads\/2025\/03\/Praha-1-300x212.png 300w, https:\/\/www.dvorakuvfestival.cz\/wp-content\/uploads\/2025\/03\/Praha-1-1024x724.png 1024w, https:\/\/www.dvorakuvfestival.cz\/wp-content\/uploads\/2025\/03\/Praha-1-768x543.png 768w, https:\/\/www.dvorakuvfestival.cz\/wp-content\/uploads\/2025\/03\/Praha-1-1536x1086.png 1536w, https:\/\/www.dvorakuvfestival.cz\/wp-content\/uploads\/2025\/03\/Praha-1-370x262.png 370w, https:\/\/www.dvorakuvfestival.cz\/wp-content\/uploads\/2025\/03\/Praha-1-812x574.png 812w, https:\/\/www.dvorakuvfestival.cz\/wp-content\/uploads\/2025\/03\/Praha-1-406x287.png 406w, https:\/\/www.dvorakuvfestival.cz\/wp-content\/uploads\/2025\/03\/Praha-1-600x424.png 600w\" sizes=\"(max-width: 2000px) 100vw, 2000px\" \/>\t\t\t\t\t\t\t\t\t\t\t\t\t\t\t<\/div>\n\t\t\t\t<\/div>\n\t\t\t\t<div class=\"elementor-element elementor-element-b0e6ffb elementor-hidden-desktop elementor-hidden-tablet elementor-hidden-mobile elementor-widget elementor-widget-html\" data-id=\"b0e6ffb\" data-element_type=\"widget\" data-e-type=\"widget\" data-widget_type=\"html.default\">\n\t\t\t\t<div class=\"elementor-widget-container\">\n\t\t\t\t\t <div id=\"kpasmap\">\r\n    <a href=\"https:\/\/www.dvorakuvfestival.cz\/en\/tag\/hradec-kralove-region\/\" title=\"Click to view concerts in Kralovehradecky region\" class=\"khk\"><\/a>\r\n<\/div>\t\t\t\t<\/div>\n\t\t\t\t<\/div>\n\t\t\t\t\t<\/div>\n\t\t<\/div>\n\t\t\t\t\t<\/div>\n\t\t<\/section>\n\t\t\t\t<section class=\"elementor-section elementor-top-section elementor-element elementor-element-1900814 elementor-hidden-desktop elementor-hidden-tablet elementor-hidden-mobile elementor-section-boxed elementor-section-height-default elementor-section-height-default\" data-id=\"1900814\" data-element_type=\"section\" data-e-type=\"section\">\n\t\t\t\t\t\t<div class=\"elementor-container elementor-column-gap-extended\">\n\t\t\t\t\t<div class=\"elementor-column elementor-col-100 elementor-top-column elementor-element elementor-element-f821972 sc_layouts_column_icons_position_left\" data-id=\"f821972\" data-element_type=\"column\" data-e-type=\"column\">\n\t\t\t<div class=\"elementor-widget-wrap\">\n\t\t\t\t\t\t\t<\/div>\n\t\t<\/div>\n\t\t\t\t\t<\/div>\n\t\t<\/section>\n\t\t\t\t<section class=\"elementor-section elementor-top-section elementor-element elementor-element-51b02b5 elementor-section-full_width elementor-section-height-default elementor-section-height-default\" data-id=\"51b02b5\" data-element_type=\"section\" data-e-type=\"section\">\n\t\t\t\t\t\t<div class=\"elementor-container elementor-column-gap-no\">\n\t\t\t\t\t<div class=\"elementor-column elementor-col-100 elementor-top-column elementor-element elementor-element-1361530 sc_layouts_column_icons_position_left\" data-id=\"1361530\" data-element_type=\"column\" data-e-type=\"column\">\n\t\t\t<div class=\"elementor-widget-wrap elementor-element-populated\">\n\t\t\t\t\t\t<div class=\"elementor-element elementor-element-f668ae5 elementor-hidden-desktop elementor-hidden-tablet elementor-hidden-mobile elementor-widget elementor-widget-html\" data-id=\"f668ae5\" data-element_type=\"widget\" data-e-type=\"widget\" data-widget_type=\"html.default\">\n\t\t\t\t<div class=\"elementor-widget-container\">\n\t\t\t\t\t <div id=\"kpasmap\">\r\n    <a href=\"https:\/\/www.dvorakuvfestival.cz\/en\/tag\/hradec-kralove-region\/\" class=\"khk\"><\/a>\r\n<\/div>\t\t\t\t<\/div>\n\t\t\t\t<\/div>\n\t\t\t\t<div class=\"elementor-element elementor-element-70e2331 elementor-hidden-phone elementor-widget elementor-widget-text-editor\" data-id=\"70e2331\" data-element_type=\"widget\" data-e-type=\"widget\" data-widget_type=\"text-editor.default\">\n\t\t\t\t<div class=\"elementor-widget-container\">\n\t\t\t\t\t\t\t\t\t<img decoding=\"async\" class=\"alignnone wp-image-2172\" src=\"https:\/\/www.dvorakuvfestival.cz\/wp-content\/uploads\/2021\/02\/pngegg-11-300x79.png\" alt=\"\" width=\"150\" height=\"40\" srcset=\"https:\/\/www.dvorakuvfestival.cz\/wp-content\/uploads\/2021\/02\/pngegg-11-300x79.png 300w, https:\/\/www.dvorakuvfestival.cz\/wp-content\/uploads\/2021\/02\/pngegg-11-370x98.png 370w, https:\/\/www.dvorakuvfestival.cz\/wp-content\/uploads\/2021\/02\/pngegg-11-406x108.png 406w, https:\/\/www.dvorakuvfestival.cz\/wp-content\/uploads\/2021\/02\/pngegg-11-600x159.png 600w, https:\/\/www.dvorakuvfestival.cz\/wp-content\/uploads\/2021\/02\/pngegg-11.png 744w\" sizes=\"(max-width: 150px) 100vw, 150px\" \/><img decoding=\"async\" class=\"alignnone wp-image-2172\" src=\"https:\/\/www.dvorakuvfestival.cz\/wp-content\/uploads\/2021\/02\/pngegg-11-300x79.png\" alt=\"\" width=\"150\" height=\"40\" srcset=\"https:\/\/www.dvorakuvfestival.cz\/wp-content\/uploads\/2021\/02\/pngegg-11-300x79.png 300w, https:\/\/www.dvorakuvfestival.cz\/wp-content\/uploads\/2021\/02\/pngegg-11-370x98.png 370w, https:\/\/www.dvorakuvfestival.cz\/wp-content\/uploads\/2021\/02\/pngegg-11-406x108.png 406w, https:\/\/www.dvorakuvfestival.cz\/wp-content\/uploads\/2021\/02\/pngegg-11-600x159.png 600w, https:\/\/www.dvorakuvfestival.cz\/wp-content\/uploads\/2021\/02\/pngegg-11.png 744w\" sizes=\"(max-width: 150px) 100vw, 150px\" \/><img decoding=\"async\" class=\"alignnone wp-image-2172\" src=\"https:\/\/www.dvorakuvfestival.cz\/wp-content\/uploads\/2021\/02\/pngegg-11-300x79.png\" alt=\"\" width=\"150\" height=\"40\" srcset=\"https:\/\/www.dvorakuvfestival.cz\/wp-content\/uploads\/2021\/02\/pngegg-11-300x79.png 300w, https:\/\/www.dvorakuvfestival.cz\/wp-content\/uploads\/2021\/02\/pngegg-11-370x98.png 370w, https:\/\/www.dvorakuvfestival.cz\/wp-content\/uploads\/2021\/02\/pngegg-11-406x108.png 406w, https:\/\/www.dvorakuvfestival.cz\/wp-content\/uploads\/2021\/02\/pngegg-11-600x159.png 600w, https:\/\/www.dvorakuvfestival.cz\/wp-content\/uploads\/2021\/02\/pngegg-11.png 744w\" sizes=\"(max-width: 150px) 100vw, 150px\" \/><img decoding=\"async\" class=\"alignnone wp-image-2172\" src=\"https:\/\/www.dvorakuvfestival.cz\/wp-content\/uploads\/2021\/02\/pngegg-11-300x79.png\" alt=\"\" width=\"150\" height=\"40\" srcset=\"https:\/\/www.dvorakuvfestival.cz\/wp-content\/uploads\/2021\/02\/pngegg-11-300x79.png 300w, https:\/\/www.dvorakuvfestival.cz\/wp-content\/uploads\/2021\/02\/pngegg-11-370x98.png 370w, https:\/\/www.dvorakuvfestival.cz\/wp-content\/uploads\/2021\/02\/pngegg-11-406x108.png 406w, https:\/\/www.dvorakuvfestival.cz\/wp-content\/uploads\/2021\/02\/pngegg-11-600x159.png 600w, https:\/\/www.dvorakuvfestival.cz\/wp-content\/uploads\/2021\/02\/pngegg-11.png 744w\" sizes=\"(max-width: 150px) 100vw, 150px\" \/><img decoding=\"async\" class=\"alignnone wp-image-2172\" src=\"https:\/\/www.dvorakuvfestival.cz\/wp-content\/uploads\/2021\/02\/pngegg-11-300x79.png\" alt=\"\" width=\"150\" height=\"40\" srcset=\"https:\/\/www.dvorakuvfestival.cz\/wp-content\/uploads\/2021\/02\/pngegg-11-300x79.png 300w, https:\/\/www.dvorakuvfestival.cz\/wp-content\/uploads\/2021\/02\/pngegg-11-370x98.png 370w, https:\/\/www.dvorakuvfestival.cz\/wp-content\/uploads\/2021\/02\/pngegg-11-406x108.png 406w, https:\/\/www.dvorakuvfestival.cz\/wp-content\/uploads\/2021\/02\/pngegg-11-600x159.png 600w, https:\/\/www.dvorakuvfestival.cz\/wp-content\/uploads\/2021\/02\/pngegg-11.png 744w\" sizes=\"(max-width: 150px) 100vw, 150px\" \/><img decoding=\"async\" class=\"alignnone wp-image-2171\" src=\"https:\/\/www.dvorakuvfestival.cz\/wp-content\/uploads\/2021\/02\/pngegg-12-e1614695157599-300x55.png\" alt=\"\" width=\"210\" height=\"38\" srcset=\"https:\/\/www.dvorakuvfestival.cz\/wp-content\/uploads\/2021\/02\/pngegg-12-e1614695157599-300x55.png 300w, https:\/\/www.dvorakuvfestival.cz\/wp-content\/uploads\/2021\/02\/pngegg-12-e1614695157599-768x140.png 768w, https:\/\/www.dvorakuvfestival.cz\/wp-content\/uploads\/2021\/02\/pngegg-12-e1614695157599-370x67.png 370w, https:\/\/www.dvorakuvfestival.cz\/wp-content\/uploads\/2021\/02\/pngegg-12-e1614695157599-406x74.png 406w, https:\/\/www.dvorakuvfestival.cz\/wp-content\/uploads\/2021\/02\/pngegg-12-e1614695157599-600x109.png 600w, https:\/\/www.dvorakuvfestival.cz\/wp-content\/uploads\/2021\/02\/pngegg-12-e1614695157599.png 774w\" sizes=\"(max-width: 210px) 100vw, 210px\" \/>\t\t\t\t\t\t\t\t<\/div>\n\t\t\t\t<\/div>\n\t\t\t\t<div class=\"elementor-element elementor-element-8c1fd38 elementor-hidden-phone elementor-widget-divider--view-line elementor-widget elementor-widget-divider\" data-id=\"8c1fd38\" data-element_type=\"widget\" data-e-type=\"widget\" data-widget_type=\"divider.default\">\n\t\t\t\t<div class=\"elementor-widget-container\">\n\t\t\t\t\t\t\t<div class=\"elementor-divider\">\n\t\t\t<span class=\"elementor-divider-separator\">\n\t\t\t\t\t\t<\/span>\n\t\t<\/div>\n\t\t\t\t\t\t<\/div>\n\t\t\t\t<\/div>\n\t\t\t\t\t<\/div>\n\t\t<\/div>\n\t\t\t\t\t<\/div>\n\t\t<\/section>\n\t\t\t\t<\/div>\n\t\t","protected":false},"excerpt":{"rendered":"<p>Discover the sights with the &#8220;Dvo\u0159\u00e1k Passport&#8221; Dvo\u0159\u00e1k&#8217;s&nbsp;passport An accompanying element of our festival is the Dvo\u0159\u00e1k Passport, which can be found directly in the catalogue. Here you will find discounted admissions to a&nbsp;number&hellip;<\/p>\n","protected":false},"author":2,"featured_media":0,"parent":0,"menu_order":0,"comment_status":"closed","ping_status":"closed","template":"elementor_header_footer","meta":{"footnotes":""},"class_list":["post-32708","page","type-page","status-publish","hentry"],"yoast_head":"<!-- This site is optimized with the Yoast SEO plugin v27.5 - https:\/\/yoast.com\/product\/yoast-seo-wordpress\/ -->\n<title>Dvo\u0159\u00e1k&#039;s passport | Dvo\u0159\u00e1k\u016fv festival<\/title>\n<meta name=\"robots\" content=\"index, follow, max-snippet:-1, max-image-preview:large, max-video-preview:-1\" \/>\n<link rel=\"canonical\" href=\"https:\/\/www.dvorakuvfestival.cz\/en\/dvoraks-passport\/\" \/>\n<meta property=\"og:locale\" content=\"en_US\" \/>\n<meta property=\"og:type\" content=\"article\" \/>\n<meta property=\"og:title\" content=\"Dvo\u0159\u00e1k&#039;s passport | Dvo\u0159\u00e1k\u016fv festival\" \/>\n<meta property=\"og:description\" content=\"Discover the sights with the &#8220;Dvo\u0159\u00e1k Passport&#8221; Dvo\u0159\u00e1k&#8217;s passport An accompanying element of our festival is the Dvo\u0159\u00e1k Passport, which can be found directly in the catalogue. Here you will find discounted admissions to a&nbsp;number&hellip;\" \/>\n<meta property=\"og:url\" content=\"https:\/\/www.dvorakuvfestival.cz\/en\/dvoraks-passport\/\" \/>\n<meta property=\"og:site_name\" content=\"Dvo\u0159\u00e1k\u016fv festival\" \/>\n<meta property=\"article:publisher\" content=\"https:\/\/www.facebook.com\/dvorakuvfestival\" \/>\n<meta property=\"article:modified_time\" content=\"2025-04-06T07:48:12+00:00\" \/>\n<meta property=\"og:image\" content=\"https:\/\/www.dvorakuvfestival.cz\/wp-content\/uploads\/2025\/03\/Praha-1.png\" \/>\n\t<meta property=\"og:image:width\" content=\"2000\" \/>\n\t<meta property=\"og:image:height\" content=\"1414\" \/>\n\t<meta property=\"og:image:type\" content=\"image\/png\" \/>\n<meta name=\"twitter:card\" content=\"summary_large_image\" \/>\n<script type=\"application\/ld+json\" class=\"yoast-schema-graph\">{\"@context\":\"https:\\\/\\\/schema.org\",\"@graph\":[{\"@type\":\"WebPage\",\"@id\":\"https:\\\/\\\/www.dvorakuvfestival.cz\\\/en\\\/dvoraks-passport\\\/\",\"url\":\"https:\\\/\\\/www.dvorakuvfestival.cz\\\/en\\\/dvoraks-passport\\\/\",\"name\":\"Dvo\u0159\u00e1k's passport | Dvo\u0159\u00e1k\u016fv festival\",\"isPartOf\":{\"@id\":\"https:\\\/\\\/www.dvorakuvfestival.cz\\\/en\\\/#website\"},\"primaryImageOfPage\":{\"@id\":\"https:\\\/\\\/www.dvorakuvfestival.cz\\\/en\\\/dvoraks-passport\\\/#primaryimage\"},\"image\":{\"@id\":\"https:\\\/\\\/www.dvorakuvfestival.cz\\\/en\\\/dvoraks-passport\\\/#primaryimage\"},\"thumbnailUrl\":\"https:\\\/\\\/www.dvorakuvfestival.cz\\\/wp-content\\\/uploads\\\/2025\\\/03\\\/Praha-1.png\",\"datePublished\":\"2021-02-28T22:07:42+00:00\",\"dateModified\":\"2025-04-06T07:48:12+00:00\",\"breadcrumb\":{\"@id\":\"https:\\\/\\\/www.dvorakuvfestival.cz\\\/en\\\/dvoraks-passport\\\/#breadcrumb\"},\"inLanguage\":\"en-US\",\"potentialAction\":[{\"@type\":\"ReadAction\",\"target\":[\"https:\\\/\\\/www.dvorakuvfestival.cz\\\/en\\\/dvoraks-passport\\\/\"]}]},{\"@type\":\"ImageObject\",\"inLanguage\":\"en-US\",\"@id\":\"https:\\\/\\\/www.dvorakuvfestival.cz\\\/en\\\/dvoraks-passport\\\/#primaryimage\",\"url\":\"https:\\\/\\\/www.dvorakuvfestival.cz\\\/wp-content\\\/uploads\\\/2025\\\/03\\\/Praha-1.png\",\"contentUrl\":\"https:\\\/\\\/www.dvorakuvfestival.cz\\\/wp-content\\\/uploads\\\/2025\\\/03\\\/Praha-1.png\"},{\"@type\":\"BreadcrumbList\",\"@id\":\"https:\\\/\\\/www.dvorakuvfestival.cz\\\/en\\\/dvoraks-passport\\\/#breadcrumb\",\"itemListElement\":[{\"@type\":\"ListItem\",\"position\":1,\"name\":\"Dvo\u0159\u00e1k\u016fv festival\",\"item\":\"https:\\\/\\\/www.dvorakuvfestival.cz\\\/en\\\/\"},{\"@type\":\"ListItem\",\"position\":2,\"name\":\"Dvo\u0159\u00e1k&#8217;s&nbsp;passport\"}]},{\"@type\":\"WebSite\",\"@id\":\"https:\\\/\\\/www.dvorakuvfestival.cz\\\/en\\\/#website\",\"url\":\"https:\\\/\\\/www.dvorakuvfestival.cz\\\/en\\\/\",\"name\":\"Dvo\u0159\u00e1k\u016fv festival\",\"description\":\"\",\"publisher\":{\"@id\":\"https:\\\/\\\/www.dvorakuvfestival.cz\\\/en\\\/#organization\"},\"potentialAction\":[{\"@type\":\"SearchAction\",\"target\":{\"@type\":\"EntryPoint\",\"urlTemplate\":\"https:\\\/\\\/www.dvorakuvfestival.cz\\\/en\\\/?s={search_term_string}\"},\"query-input\":{\"@type\":\"PropertyValueSpecification\",\"valueRequired\":true,\"valueName\":\"search_term_string\"}}],\"inLanguage\":\"en-US\"},{\"@type\":\"Organization\",\"@id\":\"https:\\\/\\\/www.dvorakuvfestival.cz\\\/en\\\/#organization\",\"name\":\"Dvo\u0159\u00e1k\u016fv festival\",\"url\":\"https:\\\/\\\/www.dvorakuvfestival.cz\\\/en\\\/\",\"logo\":{\"@type\":\"ImageObject\",\"inLanguage\":\"en-US\",\"@id\":\"https:\\\/\\\/www.dvorakuvfestival.cz\\\/en\\\/#\\\/schema\\\/logo\\\/image\\\/\",\"url\":\"https:\\\/\\\/www.dvorakuvfestival.cz\\\/wp-content\\\/uploads\\\/2018\\\/02\\\/Dvorakuv-festival_70_2026_bi\u0301le\u0301.png\",\"contentUrl\":\"https:\\\/\\\/www.dvorakuvfestival.cz\\\/wp-content\\\/uploads\\\/2018\\\/02\\\/Dvorakuv-festival_70_2026_bi\u0301le\u0301.png\",\"width\":1711,\"height\":571,\"caption\":\"Dvo\u0159\u00e1k\u016fv festival\"},\"image\":{\"@id\":\"https:\\\/\\\/www.dvorakuvfestival.cz\\\/en\\\/#\\\/schema\\\/logo\\\/image\\\/\"},\"sameAs\":[\"https:\\\/\\\/www.facebook.com\\\/dvorakuvfestival\",\"https:\\\/\\\/www.instagram.com\\\/dvorakuvfestival\\\/\"]}]}<\/script>\n<!-- \/ Yoast SEO plugin. -->","yoast_head_json":{"title":"Dvo\u0159\u00e1k's passport | Dvo\u0159\u00e1k\u016fv festival","robots":{"index":"index","follow":"follow","max-snippet":"max-snippet:-1","max-image-preview":"max-image-preview:large","max-video-preview":"max-video-preview:-1"},"canonical":"https:\/\/www.dvorakuvfestival.cz\/en\/dvoraks-passport\/","og_locale":"en_US","og_type":"article","og_title":"Dvo\u0159\u00e1k's passport | Dvo\u0159\u00e1k\u016fv festival","og_description":"Discover the sights with the &#8220;Dvo\u0159\u00e1k Passport&#8221; Dvo\u0159\u00e1k&#8217;s passport An accompanying element of our festival is the Dvo\u0159\u00e1k Passport, which can be found directly in the catalogue. Here you will find discounted admissions to a&nbsp;number&hellip;","og_url":"https:\/\/www.dvorakuvfestival.cz\/en\/dvoraks-passport\/","og_site_name":"Dvo\u0159\u00e1k\u016fv festival","article_publisher":"https:\/\/www.facebook.com\/dvorakuvfestival","article_modified_time":"2025-04-06T07:48:12+00:00","og_image":[{"width":2000,"height":1414,"url":"https:\/\/www.dvorakuvfestival.cz\/wp-content\/uploads\/2025\/03\/Praha-1.png","type":"image\/png"}],"twitter_card":"summary_large_image","schema":{"@context":"https:\/\/schema.org","@graph":[{"@type":"WebPage","@id":"https:\/\/www.dvorakuvfestival.cz\/en\/dvoraks-passport\/","url":"https:\/\/www.dvorakuvfestival.cz\/en\/dvoraks-passport\/","name":"Dvo\u0159\u00e1k's passport | Dvo\u0159\u00e1k\u016fv festival","isPartOf":{"@id":"https:\/\/www.dvorakuvfestival.cz\/en\/#website"},"primaryImageOfPage":{"@id":"https:\/\/www.dvorakuvfestival.cz\/en\/dvoraks-passport\/#primaryimage"},"image":{"@id":"https:\/\/www.dvorakuvfestival.cz\/en\/dvoraks-passport\/#primaryimage"},"thumbnailUrl":"https:\/\/www.dvorakuvfestival.cz\/wp-content\/uploads\/2025\/03\/Praha-1.png","datePublished":"2021-02-28T22:07:42+00:00","dateModified":"2025-04-06T07:48:12+00:00","breadcrumb":{"@id":"https:\/\/www.dvorakuvfestival.cz\/en\/dvoraks-passport\/#breadcrumb"},"inLanguage":"en-US","potentialAction":[{"@type":"ReadAction","target":["https:\/\/www.dvorakuvfestival.cz\/en\/dvoraks-passport\/"]}]},{"@type":"ImageObject","inLanguage":"en-US","@id":"https:\/\/www.dvorakuvfestival.cz\/en\/dvoraks-passport\/#primaryimage","url":"https:\/\/www.dvorakuvfestival.cz\/wp-content\/uploads\/2025\/03\/Praha-1.png","contentUrl":"https:\/\/www.dvorakuvfestival.cz\/wp-content\/uploads\/2025\/03\/Praha-1.png"},{"@type":"BreadcrumbList","@id":"https:\/\/www.dvorakuvfestival.cz\/en\/dvoraks-passport\/#breadcrumb","itemListElement":[{"@type":"ListItem","position":1,"name":"Dvo\u0159\u00e1k\u016fv festival","item":"https:\/\/www.dvorakuvfestival.cz\/en\/"},{"@type":"ListItem","position":2,"name":"Dvo\u0159\u00e1k&#8217;s&nbsp;passport"}]},{"@type":"WebSite","@id":"https:\/\/www.dvorakuvfestival.cz\/en\/#website","url":"https:\/\/www.dvorakuvfestival.cz\/en\/","name":"Dvo\u0159\u00e1k\u016fv festival","description":"","publisher":{"@id":"https:\/\/www.dvorakuvfestival.cz\/en\/#organization"},"potentialAction":[{"@type":"SearchAction","target":{"@type":"EntryPoint","urlTemplate":"https:\/\/www.dvorakuvfestival.cz\/en\/?s={search_term_string}"},"query-input":{"@type":"PropertyValueSpecification","valueRequired":true,"valueName":"search_term_string"}}],"inLanguage":"en-US"},{"@type":"Organization","@id":"https:\/\/www.dvorakuvfestival.cz\/en\/#organization","name":"Dvo\u0159\u00e1k\u016fv festival","url":"https:\/\/www.dvorakuvfestival.cz\/en\/","logo":{"@type":"ImageObject","inLanguage":"en-US","@id":"https:\/\/www.dvorakuvfestival.cz\/en\/#\/schema\/logo\/image\/","url":"https:\/\/www.dvorakuvfestival.cz\/wp-content\/uploads\/2018\/02\/Dvorakuv-festival_70_2026_bi\u0301le\u0301.png","contentUrl":"https:\/\/www.dvorakuvfestival.cz\/wp-content\/uploads\/2018\/02\/Dvorakuv-festival_70_2026_bi\u0301le\u0301.png","width":1711,"height":571,"caption":"Dvo\u0159\u00e1k\u016fv festival"},"image":{"@id":"https:\/\/www.dvorakuvfestival.cz\/en\/#\/schema\/logo\/image\/"},"sameAs":["https:\/\/www.facebook.com\/dvorakuvfestival","https:\/\/www.instagram.com\/dvorakuvfestival\/"]}]}},"_links":{"self":[{"href":"https:\/\/www.dvorakuvfestival.cz\/en\/wp-json\/wp\/v2\/pages\/32708","targetHints":{"allow":["GET"]}}],"collection":[{"href":"https:\/\/www.dvorakuvfestival.cz\/en\/wp-json\/wp\/v2\/pages"}],"about":[{"href":"https:\/\/www.dvorakuvfestival.cz\/en\/wp-json\/wp\/v2\/types\/page"}],"author":[{"embeddable":true,"href":"https:\/\/www.dvorakuvfestival.cz\/en\/wp-json\/wp\/v2\/users\/2"}],"replies":[{"embeddable":true,"href":"https:\/\/www.dvorakuvfestival.cz\/en\/wp-json\/wp\/v2\/comments?post=32708"}],"version-history":[{"count":1,"href":"https:\/\/www.dvorakuvfestival.cz\/en\/wp-json\/wp\/v2\/pages\/32708\/revisions"}],"predecessor-version":[{"id":32714,"href":"https:\/\/www.dvorakuvfestival.cz\/en\/wp-json\/wp\/v2\/pages\/32708\/revisions\/32714"}],"wp:attachment":[{"href":"https:\/\/www.dvorakuvfestival.cz\/en\/wp-json\/wp\/v2\/media?parent=32708"}],"curies":[{"name":"wp","href":"https:\/\/api.w.org\/{rel}","templated":true}]}}